{"id":13285,"date":"2024-05-07T02:15:51","date_gmt":"2024-05-07T02:15:51","guid":{"rendered":"https:\/\/daxuns.com\/?page_id=13285"},"modified":"2025-02-26T08:17:57","modified_gmt":"2025-02-26T08:17:57","slug":"stainless-steel-plate-sheet","status":"publish","type":"page","link":"https:\/\/daxuns.com\/fr\/toles-en-acier-inoxydable\/","title":{"rendered":"Plaques et t\u00f4les en acier inoxydable"},"content":{"rendered":"","protected":false},"excerpt":{"rendered":"","protected":false},"author":1,"featured_media":0,"parent":0,"menu_order":0,"comment_status":"closed","ping_status":"closed","template":"product-category3.php","meta":{"_acf_changed":false,"site-sidebar-layout":"no-sidebar","site-content-layout":"page-builder","ast-site-content-layout":"full-width-container","site-content-style":"unboxed","site-sidebar-style":"unboxed","ast-global-header-display":"","ast-banner-title-visibility":"","ast-main-header-display":"","ast-hfb-above-header-display":"","ast-hfb-below-header-display":"","ast-hfb-mobile-header-display":"","site-post-title":"disabled","ast-breadcrumbs-content":"","ast-featured-img":"disabled","footer-sml-layout":"","ast-disable-related-posts":"","theme-transparent-header-meta":"default","adv-header-id-meta":"","stick-header-meta":"default","header-above-stick-meta":"","header-main-stick-meta":"","header-below-stick-meta":"","astra-migrate-meta-layouts":"set","ast-page-background-enabled":"default","ast-page-background-meta":{"desktop":{"background-color":"","background-image":"","background-repeat":"repeat","background-position":"center center","background-size":"auto","background-attachment":"scroll","background-type":"","background-media":"","overlay-type":"","overlay-color":"","overlay-opacity":"","overlay-gradient":""},"tablet":{"background-color":"","background-image":"","background-repeat":"repeat","background-position":"center center","background-size":"auto","background-attachment":"scroll","background-type":"","background-media":"","overlay-type":"","overlay-color":"","overlay-opacity":"","overlay-gradient":""},"mobile":{"background-color":"","background-image":"","background-repeat":"repeat","background-position":"center center","background-size":"auto","background-attachment":"scroll","background-type":"","background-media":"","overlay-type":"","overlay-color":"","overlay-opacity":"","overlay-gradient":""}},"ast-content-background-meta":{"desktop":{"background-color":"var(--ast-global-color-5)","background-image":"","background-repeat":"repeat","background-position":"center center","background-size":"auto","background-attachment":"scroll","background-type":"","background-media":"","overlay-type":"","overlay-color":"","overlay-opacity":"","overlay-gradient":""},"tablet":{"background-color":"var(--ast-global-color-5)","background-image":"","background-repeat":"repeat","background-position":"center center","background-size":"auto","background-attachment":"scroll","background-type":"","background-media":"","overlay-type":"","overlay-color":"","overlay-opacity":"","overlay-gradient":""},"mobile":{"background-color":"var(--ast-global-color-5)","background-image":"","background-repeat":"repeat","background-position":"center center","background-size":"auto","background-attachment":"scroll","background-type":"","background-media":"","overlay-type":"","overlay-color":"","overlay-opacity":"","overlay-gradient":""}},"footnotes":""},"class_list":["post-13285","page","type-page","status-publish","hentry"],"acf":[],"yoast_head":"<!-- This site is optimized with the Yoast SEO plugin v27.1.1 - https:\/\/yoast.com\/product\/yoast-seo-wordpress\/ -->\n<title>Stainless Steel Plate and Sheet - China SS Supplier<\/title>\n<meta name=\"description\" content=\"Stainless steel plate is a metal material with corrosion resistance and high temperature resistance, which is widely used in construction, medical treatment, kitchen utensils and other fields.\" \/>\n<meta name=\"robots\" content=\"index, follow, max-snippet:-1, max-image-preview:large, max-video-preview:-1\" \/>\n<link rel=\"canonical\" href=\"https:\/\/daxuns.com\/fr\/toles-en-acier-inoxydable\/\" \/>\n<meta property=\"og:locale\" content=\"fr_FR\" \/>\n<meta property=\"og:type\" content=\"article\" \/>\n<meta property=\"og:title\" content=\"Stainless Steel Plate and Sheet - China SS Supplier\" \/>\n<meta property=\"og:description\" content=\"Stainless steel plate is a metal material with corrosion resistance and high temperature resistance, which is widely used in construction, medical treatment, kitchen utensils and other fields.\" \/>\n<meta property=\"og:url\" content=\"https:\/\/daxuns.com\/fr\/toles-en-acier-inoxydable\/\" \/>\n<meta property=\"og:site_name\" content=\"Daxun\" \/>\n<meta property=\"article:modified_time\" content=\"2025-02-26T08:17:57+00:00\" \/>\n<meta name=\"twitter:card\" content=\"summary_large_image\" \/>\n<!-- \/ Yoast SEO plugin. -->","yoast_head_json":{"title":"Plaques et t\u00f4les en acier inoxydable - Fournisseur chinois d'acier inoxydable","description":"La plaque en acier inoxydable est un mat\u00e9riau m\u00e9tallique r\u00e9sistant \u00e0 la corrosion et aux temp\u00e9ratures \u00e9lev\u00e9es. Elle est largement utilis\u00e9e dans la construction, les traitements m\u00e9dicaux, les ustensiles de cuisine et d'autres domaines.","robots":{"index":"index","follow":"follow","max-snippet":"max-snippet:-1","max-image-preview":"max-image-preview:large","max-video-preview":"max-video-preview:-1"},"canonical":"https:\/\/daxuns.com\/fr\/toles-en-acier-inoxydable\/","og_locale":"fr_FR","og_type":"article","og_title":"Stainless Steel Plate and Sheet - China SS Supplier","og_description":"Stainless steel plate is a metal material with corrosion resistance and high temperature resistance, which is widely used in construction, medical treatment, kitchen utensils and other fields.","og_url":"https:\/\/daxuns.com\/fr\/toles-en-acier-inoxydable\/","og_site_name":"Daxun","article_modified_time":"2025-02-26T08:17:57+00:00","twitter_card":"summary_large_image","schema":{"@context":"https:\/\/schema.org","@graph":[{"@type":"WebPage","@id":"https:\/\/daxuns.com\/stainless-steel-plate-and-sheet\/","url":"https:\/\/daxuns.com\/stainless-steel-plate-and-sheet\/","name":"Plaques et t\u00f4les en acier inoxydable - Fournisseur chinois d'acier inoxydable","isPartOf":{"@id":"https:\/\/daxuns.com\/#website"},"datePublished":"2024-05-07T02:15:51+00:00","dateModified":"2025-02-26T08:17:57+00:00","description":"La plaque en acier inoxydable est un mat\u00e9riau m\u00e9tallique r\u00e9sistant \u00e0 la corrosion et aux temp\u00e9ratures \u00e9lev\u00e9es. Elle est largement utilis\u00e9e dans la construction, les traitements m\u00e9dicaux, les ustensiles de cuisine et d'autres domaines.","breadcrumb":{"@id":"https:\/\/daxuns.com\/stainless-steel-plate-and-sheet\/#breadcrumb"},"inLanguage":"fr-FR","potentialAction":[{"@type":"ReadAction","target":["https:\/\/daxuns.com\/stainless-steel-plate-and-sheet\/"]}]},{"@type":"BreadcrumbList","@id":"https:\/\/daxuns.com\/stainless-steel-plate-and-sheet\/#breadcrumb","itemListElement":[{"@type":"ListItem","position":1,"name":"Home","item":"https:\/\/daxuns.com\/"},{"@type":"ListItem","position":2,"name":"Stainless steel plate and sheet"}]},{"@type":"WebSite","@id":"https:\/\/daxuns.com\/#website","url":"https:\/\/daxuns.com\/","name":"Daxun Alloy, un fournisseur professionnel de mat\u00e9riaux m\u00e9talliques.","description":"Daxun","publisher":{"@id":"https:\/\/daxuns.com\/#organization"},"potentialAction":[{"@type":"SearchAction","target":{"@type":"EntryPoint","urlTemplate":"https:\/\/daxuns.com\/?s={search_term_string}"},"query-input":{"@type":"PropertyValueSpecification","valueRequired":true,"valueName":"search_term_string"}}],"inLanguage":"fr-FR"},{"@type":"Organization","@id":"https:\/\/daxuns.com\/#organization","name":"Daxun Alloy, un fournisseur professionnel de mat\u00e9riaux m\u00e9talliques.","url":"https:\/\/daxuns.com\/","logo":{"@type":"ImageObject","inLanguage":"fr-FR","@id":"https:\/\/daxuns.com\/#\/schema\/logo\/image\/","url":"https:\/\/daxuns.com\/wp-content\/uploads\/2024\/10\/cropped-cropped-\u5927\u52cb\u4e0d\u9508\u94a2LOGO-1-png.webp","contentUrl":"https:\/\/daxuns.com\/wp-content\/uploads\/2024\/10\/cropped-cropped-\u5927\u52cb\u4e0d\u9508\u94a2LOGO-1-png.webp","width":2303,"height":588,"caption":"Daxun Alloy, a professional supplier of metal materials."},"image":{"@id":"https:\/\/daxuns.com\/#\/schema\/logo\/image\/"}}]}},"_links":{"self":[{"href":"https:\/\/daxuns.com\/fr\/wp-json\/wp\/v2\/pages\/13285","targetHints":{"allow":["GET"]}}],"collection":[{"href":"https:\/\/daxuns.com\/fr\/wp-json\/wp\/v2\/pages"}],"about":[{"href":"https:\/\/daxuns.com\/fr\/wp-json\/wp\/v2\/types\/page"}],"author":[{"embeddable":true,"href":"https:\/\/daxuns.com\/fr\/wp-json\/wp\/v2\/users\/1"}],"replies":[{"embeddable":true,"href":"https:\/\/daxuns.com\/fr\/wp-json\/wp\/v2\/comments?post=13285"}],"version-history":[{"count":0,"href":"https:\/\/daxuns.com\/fr\/wp-json\/wp\/v2\/pages\/13285\/revisions"}],"wp:attachment":[{"href":"https:\/\/daxuns.com\/fr\/wp-json\/wp\/v2\/media?parent=13285"}],"curies":[{"name":"wp","href":"https:\/\/api.w.org\/{rel}","templated":true}]}}